{"id":1224,"date":"2023-03-29T18:56:56","date_gmt":"2023-03-29T16:56:56","guid":{"rendered":"https:\/\/smartersec.com\/?page_id=1224"},"modified":"2023-03-30T16:30:07","modified_gmt":"2023-03-30T14:30:07","slug":"sap-security-compliance-audit","status":"publish","type":"page","link":"https:\/\/smartersec.staging.triggerco.net\/de\/sap-security-compliance-audit\/","title":{"rendered":"SAP Security &#038; Compliance Audit"},"content":{"rendered":"<div id=\"keyvisualblock_ec7efcda40fc25be63e9620c220ba65b\" class=\"block__keyvisual -detect-in-viewport\">\n\n    <div class=\"keyvisual__background\">\n        <img loading=\"lazy\" decoding=\"async\" width=\"1280\" height=\"720\" src=\"https:\/\/smartersec.staging.triggerco.net\/wp-content\/uploads\/2021\/08\/smarterSec-keyvisual-poster.jpg\" class=\"attachment-fullscreen_16_9 size-fullscreen_16_9\" alt=\"\" srcset=\"https:\/\/smartersec.staging.triggerco.net\/wp-content\/uploads\/2021\/08\/smarterSec-keyvisual-poster.jpg 1280w, https:\/\/smartersec.staging.triggerco.net\/wp-content\/uploads\/2021\/08\/smarterSec-keyvisual-poster-300x169.jpg 300w, https:\/\/smartersec.staging.triggerco.net\/wp-content\/uploads\/2021\/08\/smarterSec-keyvisual-poster-1024x576.jpg 1024w, https:\/\/smartersec.staging.triggerco.net\/wp-content\/uploads\/2021\/08\/smarterSec-keyvisual-poster-768x432.jpg 768w, https:\/\/smartersec.staging.triggerco.net\/wp-content\/uploads\/2021\/08\/smarterSec-keyvisual-poster-738x416.jpg 738w\" sizes=\"auto, (max-width: 1280px) 100vw, 1280px\" \/>                                                <video class=\"keyvisual__background__video\" src=\"https:\/\/smartersec.staging.triggerco.net\/wp-content\/uploads\/2021\/08\/smarterSec-managed-security-service-provider-for-sap.mp4\" preload autoplay muted loop playsinline><\/video>\n                        <\/div>\n\n    <div class=\"keyvisual__wrapper\">\n        <div class=\"container-lg\">\n            <div class=\"row\">\n                <div class=\"keyvisual__col\">\n                    <div class=\"keyvisual__content__wrapper\">\n                        <div class=\"keyvisual__content\">\n                                                            \n\n<h2 class=\"wp-block-heading\">SAP Security &amp; Compliance Audit<\/h2>\n\n\n\n<p>Effektive Ma\u00dfnahmen zur Risikoreduzierung in Ihrer SAP-Landschaft<\/p>\n\n                                                    <\/div>\n                    <\/div>\n                <\/div>\n            <\/div>\n        <\/div>\n        \n    <\/div>\n\n<\/div>\n\n\n<h3 class=\"has-blue-vibrant-color has-text-color wp-block-heading\">Warum ein SAP Security &amp; Compliance Audit unverzichtbar f\u00fcr den Schutz Ihrer sensiblen Unternehmensdaten ist?<\/h3>\n\n\n\n<p>Ein SAP Security &amp; Compliance Audit ist ein wichtiger Bestandteil des Risikomanagements von Unternehmen, die sensible oder vertrauliche Daten in ihrer SAP-Landschaft verwalten. Die Durchf\u00fchrung eines SAP Security &amp; Compliance Audit ist eine notwendige Investition, um die Sicherheit Ihrer SAP-Systeme und die Compliance mit relevanten Vorschriften sicherzustellen. Wenn Ihr Unternehmen sensible oder vertrauliche Daten in seiner SAP-Landschaft verwaltet, sind regelm\u00e4\u00dfige Audits unerl\u00e4sslich, um potenzielle Schwachstellen aufzudecken und zu beheben, bevor sie von Angreifern ausgenutzt werden k\u00f6nnen. Dar\u00fcber hinaus sind Compliance-Vorschriften wie die DSGVO und SOX in den letzten Jahren immer strenger geworden, was zu h\u00f6heren Bu\u00dfgeldern und Reputationsrisiken f\u00fchren kann, wenn Unternehmen nicht in der Lage sind, diese Anforderungen zu erf\u00fcllen.<\/p>\n\n\n\n<p>Durch die Durchf\u00fchrung eines SAP Security &amp; Compliance Audits k\u00f6nnen Sie sicherstellen, dass Ihre SAP-Landschaft sowohl sicher als auch konform ist. Dabei werden nicht nur technische Aspekte wie Konfigurationsparameter, Schnittstellen und Code analysiert, sondern auch Dokumente und Prozesse auf Compliance-Verst\u00f6\u00dfe gepr\u00fcft. Sie erhalten eine detaillierte Liste der erkannten Schwachstellen sowie Handlungsempfehlungen, um diese zu beheben und die Sicherheit und Compliance Ihrer SAP-Systeme zu verbessern. Mit diesen Ma\u00dfnahmen k\u00f6nnen Sie das Risiko von Datenverlust, Cyberangriffen und Bu\u00dfgeldern erheblich reduzieren und gleichzeitig das Vertrauen Ihrer Kunden und Gesch\u00e4ftspartner in Ihre Organisation st\u00e4rken.<\/p>\n\n\n\n<div class=\"wp-block-group\"><div class=\"wp-block-group__inner-container is-layout-flow wp-block-group-is-layout-flow\">\n<h2 class=\"has-blue-vibrant-color has-text-color wp-block-heading\" id=\"sap-security-and-compliance-audit\">SAP Security &amp; Compliance Audit<\/h2>\n\n\n\n<div id=\"block__teaser\" class=\"block__teaser block__teaser--icon_left block__teaser--has-bg-color\" style=\"background-color: #004988\">\n    <div class=\"block__teaser__wrapper\">\n        <div class=\"block__teaser__inner\">\n            \n            \n                            \n<div class=\"block__icon__wrapper block__icon__wrapper--center\" style=\"color: #72bad7\">\n    <?xml version=\"1.0\" encoding=\"utf-8\"?>\r\n<!-- Generator: Adobe Illustrator 17.1.0, SVG Export Plug-In . SVG Version: 6.00 Build 0)  -->\r\n<!DOCTYPE svg PUBLIC \"-\/\/W3C\/\/DTD SVG 1.1\/\/EN\" \"http:\/\/www.w3.org\/Graphics\/SVG\/1.1\/DTD\/svg11.dtd\">\r\n<svg version=\"1.1\" id=\"Layer_1\" xmlns=\"http:\/\/www.w3.org\/2000\/svg\" xmlns:xlink=\"http:\/\/www.w3.org\/1999\/xlink\" x=\"0px\" y=\"0px\"\r\n\t width=\"64px\" height=\"64px\" viewBox=\"0 0 64 64\" enable-background=\"new 0 0 64 64\" xml:space=\"preserve\">\r\n<g>\r\n\t<g>\r\n\t\t\r\n\t\t\t<line fill=\"none\" stroke=\"currentColor\" stroke-width=\"2\" stroke-linecap=\"round\" stroke-linejoin=\"round\" stroke-miterlimit=\"10\" x1=\"34\" y1=\"15.9\" x2=\"37.8\" y2=\"11.3\"\/>\r\n\t\t\r\n\t\t\t<line fill=\"none\" stroke=\"currentColor\" stroke-width=\"2\" stroke-linecap=\"round\" stroke-linejoin=\"round\" stroke-miterlimit=\"10\" x1=\"36.5\" y1=\"20.2\" x2=\"42.4\" y2=\"19.2\"\/>\r\n\t\t\r\n\t\t\t<line fill=\"none\" stroke=\"currentColor\" stroke-width=\"2\" stroke-linecap=\"round\" stroke-linejoin=\"round\" stroke-miterlimit=\"10\" x1=\"22\" y1=\"20.3\" x2=\"16.1\" y2=\"19.3\"\/>\r\n\t\t\r\n\t\t\t<line fill=\"none\" stroke=\"currentColor\" stroke-width=\"2\" stroke-linecap=\"round\" stroke-linejoin=\"round\" stroke-miterlimit=\"10\" x1=\"24.5\" y1=\"15.9\" x2=\"20.6\" y2=\"11.4\"\/>\r\n\t\t\r\n\t\t\t<line fill=\"none\" stroke=\"currentColor\" stroke-width=\"2\" stroke-linecap=\"round\" stroke-linejoin=\"round\" stroke-miterlimit=\"10\" x1=\"29.2\" y1=\"14.2\" x2=\"29.1\" y2=\"8.2\"\/>\r\n\t<\/g>\r\n\t<path fill=\"none\" stroke=\"currentColor\" stroke-width=\"2\" stroke-linecap=\"round\" stroke-linejoin=\"round\" stroke-miterlimit=\"10\" d=\"\r\n\t\tM28.4,56h14.8c3.4-3,4.5-7.9,4.5-7.9l2-10.3c0-1.6-1.2-2.9-2.9-2.9s-2.8,1.4-2.8,3v-0.6V35c0-1.6-1.7-3-3.4-3c-1.7,0-2.6,1.3-2.6,3\r\n\t\tv-2.3c0-1.6-1.3-3-3-3c-1.7,0-3,1.3-3,3v-1.5V21c0-4-6-4-6,0v21.2l-4.5-3.7c-2.4-2.3-4.9-3.2-7.3-0.9L25.3,53\r\n\t\tC25.3,53,26.4,55,28.4,56z\"\/>\r\n<\/g>\r\n<\/svg>\r\n<\/div>            \n            <div class=\"block__teaser__content\">\n                                    \n\n<p class=\"has-white-color has-text-color\">Der SAP Security &amp; Compliance Audit liefert Ihnen einen detaillierten \u00dcberblick \u00fcber das Sicherheits- und Compliance-Niveau in Ihrer SAP-Landschaft. Jedes Audit ist kundenspezifisch konzipiert und der genaue Aufwand ist abh\u00e4ngig vom detaillierten Umfang.<\/p>\n\n\n\n<p class=\"has-white-color has-text-color has-large-font-size\">Service-\u00dcbersicht<\/p>\n\n\n\n<ul class=\"has-white-color has-text-color wp-block-list\"><li>Umfangsdefinition &amp; Risikofokus<\/li><li>\u00dcberpr\u00fcfung von Dokumenten und Prozessen<\/li><li>Technische Analyse von Konfigurationsparametern, Schnittstellen und Code<\/li><li>Analyse der Netzwerkarchitektur<\/li><li>Liste der erkannten Sicherheits- und Konformit\u00e4tsschwachstellen<\/li><li>Handlungsempfehlungen f\u00fcr Ma\u00dfnahmen<\/li><\/ul>\n\n                            <\/div>\n\n                    \n        <\/div>\n    <\/div>\n<\/div><\/div><\/div>\n\n\n\n<p class=\"has-blue-dark-color has-text-color has-large-font-size\"><strong><strong>Inhalte und Ablauf unseres SAP Security &amp; Compliance Audit <\/strong><\/strong><\/p>\n\n\n\n<p class=\"has-blue-dark-color has-text-color\">Unser SAP Security &amp; Compliance Audit geht \u00fcber die reine Analyse von Schwachstellen in Ihrem System hinaus und umfasst auch die Bewertung Ihrer Sicherheits- und Compliance-Prozesse sowie die \u00dcberpr\u00fcfung Ihrer Sicherheitsrichtlinien und -verfahren. Dabei wird nicht nur die technische Seite \u00fcberpr\u00fcft, sondern auch die Dokumentation und Prozesse im Hinblick auf Sicherheits- und Compliance-Anforderungen analysiert. Unsere Experten sind stets auf dem neuesten Stand der Technologien und stellen sicher, dass Ihre SAP-Landschaft den h\u00f6chsten Sicherheits- und Compliance-Standards entspricht. Unser SAP Security &amp; Compliance Audit ist kundenspezifisch konzipiert und der genaue Umfang h\u00e4ngt von Ihren individuellen Anforderungen und Risikobewertungen ab. Im Generellen folgt unser SAP Security &amp; Compliance Audit folgendem Ablauf:<br><br><\/p>\n\n\n\n<p class=\"has-blue-dark-color has-text-color\"><strong>Umfangsdefinition &amp; Risikofokus<\/strong><\/p>\n\n\n\n<p class=\"has-blue-dark-color has-text-color\">Die Umfangsdefinition und der Risikofokus werden in Zusammenarbeit mit Ihnen als Kunden erstellt, um sicherzustellen, dass der Audit auf Ihre spezifischen Bed\u00fcrfnisse und Risiken ausgerichtet ist. Dadurch wird sichergestellt, dass alle wichtigen Bereiche abgedeckt werden und die Priorisierung auf diejenigen Bereiche f\u00e4llt, die am st\u00e4rksten gef\u00e4hrdet sind.<br><br><\/p>\n\n\n\n<p class=\"has-blue-dark-color has-text-color\"><strong>\u00dcberpr\u00fcfung von Richtlinien und Prozessen<\/strong><\/p>\n\n\n\n<p class=\"has-blue-dark-color has-text-color\">Dokumente und Prozesse, die f\u00fcr die Sicherheit und Compliance Ihrer SAP-Landschaft wichtig sind, werden von unseren Experten gepr\u00fcft. Dadurch wird sichergestellt, dass alle wichtigen Dokumente wie Sicherheitsrichtlinien und Compliance-Prozesse vorhanden und aktuell sind und dass diese Prozesse effektiv und angemessen implementiert sind.<br><br><\/p>\n\n\n\n<p class=\"has-blue-dark-color has-text-color\"><strong>Technische Analyse<\/strong><\/p>\n\n\n\n<p class=\"has-blue-dark-color has-text-color\">Unsere Experten analysieren die Konfiguration, Schnittstellen, ABAP-Code, Berechtigungen, Change-Management und das Patch Management, um potenzielle Schwachstellen zu identifizieren. Dazu z\u00e4hlt eine detaillierte Analyse von Zugriffsrechten, Berechtigungsrollen, Netzwerk- und Systemkonfigurationen sowie weiteren spezifischen SAP-Einstellungen. Durch diese Analyse wird sichergestellt, dass Ihre SAP-Landschaft angemessen konfiguriert ist, um ein sicheres und compliance-konformes Umfeld zu gew\u00e4hrleisten.<br><br><\/p>\n\n\n\n<p class=\"has-blue-dark-color has-text-color\"><strong>Analyse der Netzwerkarchitektur<\/strong><\/p>\n\n\n\n<p class=\"has-blue-dark-color has-text-color\">Unsere Experten analysieren die Netzwerkarchitektur Ihrer SAP-Landschaft, um sicherzustellen, dass Ihre SAP-Systeme sicher in das Unternehmensnetzwerk integriert sind. Dadurch wird sichergestellt, dass Ihre SAP-Systeme angemessen abgeschirmt sind, um potenzielle Angriffsvektoren zu minimieren.<br><br><\/p>\n\n\n\n<p class=\"has-blue-dark-color has-text-color\"><strong>Liste der erkannten Sicherheits- und Compliance-Schwachstellen<\/strong><\/p>\n\n\n\n<p class=\"has-blue-dark-color has-text-color\">Unser Audit liefert eine detaillierte Liste der erkannten Sicherheits- und Compliance-Schwachstellen. Diese Liste wird Ihnen helfen, die dringendsten Schwachstellen und Risiken in Ihrer SAP-Landschaft zu priorisieren und gezielte Ma\u00dfnahmen zu ergreifen, um diese Schwachstellen zu beheben.<br><br><\/p>\n\n\n\n<p class=\"has-blue-dark-color has-text-color\"><strong>Handlungsempfehlungen f\u00fcr Ma\u00dfnahmen<\/strong><\/p>\n\n\n\n<p class=\"has-blue-dark-color has-text-color\">Unser Audit liefert Ihnen konkrete Handlungsempfehlungen, um die erkannten Schwachstellen und Risiken in Ihrer SAP-Landschaft zu beheben. Diese Empfehlungen werden auf Ihre spezifischen Bed\u00fcrfnisse zugeschnitten und helfen Ihnen, effektive Ma\u00dfnahmen zu ergreifen, um Ihre SAP-Landschaft bestm\u00f6glich abzusichern.<br><br><\/p>\n\n\n\n<p class=\"has-blue-dark-color has-text-color\">Durch den SAP Security &amp; Compliance Audit erhalten Sie nicht nur eine umfassende \u00dcbersicht \u00fcber die Sicherheits- und Compliance-Situation Ihrer SAP-Landschaft, sondern auch konkrete Empfehlungen zur Behebung der festgestellten Schwachstellen und zur Verbesserung Ihrer Sicherheits- und Compliance-Strategie. Unsere erfahrenen Experten unterst\u00fctzen Sie bei der Umsetzung dieser Empfehlungen und sorgen daf\u00fcr, dass Ihre SAP-Landschaft den h\u00f6chsten Sicherheits- und Compliance-Standards entspricht.<\/p>\n\n\n\n<div id=\"block__teaser\" class=\"block__teaser block__teaser--default block__teaser--has-bg-color\" style=\"background-color: #d5dfe8\">\n    <div class=\"block__teaser__wrapper\">\n        <div class=\"block__teaser__inner\">\n            \n            \n                            \n<div class=\"block__icon__wrapper block__icon__wrapper--center\" style=\"color: #0185b7\">\n    <?xml version=\"1.0\" encoding=\"utf-8\"?>\r\n<!-- Generator: Adobe Illustrator 17.1.0, SVG Export Plug-In . SVG Version: 6.00 Build 0)  -->\r\n<!DOCTYPE svg PUBLIC \"-\/\/W3C\/\/DTD SVG 1.1\/\/EN\" \"http:\/\/www.w3.org\/Graphics\/SVG\/1.1\/DTD\/svg11.dtd\">\r\n<svg version=\"1.1\" id=\"Layer_1\" xmlns=\"http:\/\/www.w3.org\/2000\/svg\" xmlns:xlink=\"http:\/\/www.w3.org\/1999\/xlink\" x=\"0px\" y=\"0px\"\r\n\t width=\"64px\" height=\"64px\" viewBox=\"0 0 64 64\" enable-background=\"new 0 0 64 64\" xml:space=\"preserve\">\r\n<g>\r\n\t<g>\r\n\t\t\r\n\t\t\t<line fill=\"none\" stroke=\"currentColor\" stroke-width=\"2\" stroke-linecap=\"round\" stroke-linejoin=\"round\" stroke-miterlimit=\"10\" x1=\"34\" y1=\"15.9\" x2=\"37.8\" y2=\"11.3\"\/>\r\n\t\t\r\n\t\t\t<line fill=\"none\" stroke=\"currentColor\" stroke-width=\"2\" stroke-linecap=\"round\" stroke-linejoin=\"round\" stroke-miterlimit=\"10\" x1=\"36.5\" y1=\"20.2\" x2=\"42.4\" y2=\"19.2\"\/>\r\n\t\t\r\n\t\t\t<line fill=\"none\" stroke=\"currentColor\" stroke-width=\"2\" stroke-linecap=\"round\" stroke-linejoin=\"round\" stroke-miterlimit=\"10\" x1=\"22\" y1=\"20.3\" x2=\"16.1\" y2=\"19.3\"\/>\r\n\t\t\r\n\t\t\t<line fill=\"none\" stroke=\"currentColor\" stroke-width=\"2\" stroke-linecap=\"round\" stroke-linejoin=\"round\" stroke-miterlimit=\"10\" x1=\"24.5\" y1=\"15.9\" x2=\"20.6\" y2=\"11.4\"\/>\r\n\t\t\r\n\t\t\t<line fill=\"none\" stroke=\"currentColor\" stroke-width=\"2\" stroke-linecap=\"round\" stroke-linejoin=\"round\" stroke-miterlimit=\"10\" x1=\"29.2\" y1=\"14.2\" x2=\"29.1\" y2=\"8.2\"\/>\r\n\t<\/g>\r\n\t<path fill=\"none\" stroke=\"currentColor\" stroke-width=\"2\" stroke-linecap=\"round\" stroke-linejoin=\"round\" stroke-miterlimit=\"10\" d=\"\r\n\t\tM28.4,56h14.8c3.4-3,4.5-7.9,4.5-7.9l2-10.3c0-1.6-1.2-2.9-2.9-2.9s-2.8,1.4-2.8,3v-0.6V35c0-1.6-1.7-3-3.4-3c-1.7,0-2.6,1.3-2.6,3\r\n\t\tv-2.3c0-1.6-1.3-3-3-3c-1.7,0-3,1.3-3,3v-1.5V21c0-4-6-4-6,0v21.2l-4.5-3.7c-2.4-2.3-4.9-3.2-7.3-0.9L25.3,53\r\n\t\tC25.3,53,26.4,55,28.4,56z\"\/>\r\n<\/g>\r\n<\/svg>\r\n<\/div>            \n            <div class=\"block__teaser__content\">\n                                    \n\n<p class=\"has-text-align-center has-blue-dark-color has-text-color\"><strong>V<strong>ereinbaren Sie noch heute einen Termin f\u00fcr unseren SAP Security &amp; Compliance Audit und lassen Sie uns gemeinsam daf\u00fcr sorgen, dass Ihre SAP-Landschaft sicher und gesch\u00fctzt bleibt<\/strong><\/strong>!<\/p>\n\n                            <\/div>\n\n                            <div class=\"block__teaser__link\">\n                    <a href=\"https:\/\/smartersec.staging.triggerco.net\/de\/kontakt\/\" target=\"\">\n                                                    Kontakt                                            <\/a>\n                <\/div>\n                    \n        <\/div>\n    <\/div>\n<\/div>\n\n\n<p class=\"has-blue-dark-color has-text-color\"><strong>Verwandte Themen:<\/strong> <a href=\"https:\/\/smartersec.staging.triggerco.net\/de\/sap-penetrationstest\/\" title=\"SAP Penetrationstest\">SAP Penetrationstest<\/a> \/\/ <a href=\"https:\/\/smartersec.staging.triggerco.net\/de\/smartersec-security-platform\/\" title=\"smarterSec Security Platform\">smarterSec Security Platform<\/a><\/p>\n\n\n\n<div id=\"kontakt\" class=\"wp-block-group has-blue-light-background-color has-background\"><div class=\"wp-block-group__inner-container is-layout-flow wp-block-group-is-layout-flow\">\n<h2 class=\"wp-block-heading\">Kontakt<\/h2>\n\n\n\n<div class=\"wp-block-columns is-layout-flex wp-container-core-columns-is-layout-9d6595d7 wp-block-columns-is-layout-flex\">\n<div class=\"wp-block-column is-layout-flow wp-block-column-is-layout-flow\">\n<p><strong>smarterSec GmbH<\/strong><br>Managed Security Service Provider f\u00fcr SAP\u00ae<br><br>Albert-Nestler-Str. 21, 76131 Karlsruhe<br>Deutschland<br><br><a href=\"tel:00497211608000\">+49 (0) 721 160 800-0<\/a><br><a href=\"mailto:info@smartersec.com\">info@smartersec.com<\/a><br><\/p>\n<\/div>\n\n\n\n<div class=\"wp-block-column is-layout-flow wp-block-column-is-layout-flow\">\n<p><strong>Folgen Sie uns auf Social Media<\/strong><\/p>\n\n\n<div id=\"social-media-pagesblock_ca8c5aa155307c649c780d1f62bf3b03\" class=\"block__social-media-pages -detect-in-viewport\">\n\n    <div class=\"block__social-media-pages__wrapper\">\n\n                    <a href=\"https:\/\/www.linkedin.com\/company\/smartersec-gmbh\" target=\"_blank\" rel=\"noopener noreferrer\" title=\"LinkedIn\">\n                                <?xml version=\"1.0\" encoding=\"UTF-8\"?> <svg xmlns=\"http:\/\/www.w3.org\/2000\/svg\" aria-hidden=\"true\" data-prefix=\"fab\" data-icon=\"linkedin-in\" class=\"svg-inline--fa fa-linkedin-in fa-w-14\" role=\"img\" viewBox=\"0 0 448 512\"><path fill=\"currentColor\" d=\"M100.28 448H7.4V148.9h92.88zM53.79 108.1C24.09 108.1 0 83.5 0 53.8a53.79 53.79 0 0 1 107.58 0c0 29.7-24.1 54.3-53.79 54.3zM447.9 448h-92.68V302.4c0-34.7-.7-79.2-48.29-79.2-48.29 0-55.69 37.7-55.69 76.7V448h-92.78V148.9h89.08v40.8h1.3c12.4-23.5 42.69-48.3 87.88-48.3 94 0 111.28 61.9 111.28 142.3V448z\"><\/path><\/svg>             <\/a>\n                    <a href=\"https:\/\/www.xing.com\/pages\/smartersec-gmbh\" target=\"_blank\" rel=\"noopener noreferrer\" title=\"Xing\">\n                                <?xml version=\"1.0\" encoding=\"UTF-8\"?> <svg xmlns=\"http:\/\/www.w3.org\/2000\/svg\" aria-hidden=\"true\" data-prefix=\"fab\" data-icon=\"xing\" class=\"svg-inline--fa fa-xing fa-w-12\" role=\"img\" viewBox=\"0 0 384 512\"><path fill=\"currentColor\" d=\"M162.7 210c-1.8 3.3-25.2 44.4-70.1 123.5-4.9 8.3-10.8 12.5-17.7 12.5H9.8c-7.7 0-12.1-7.5-8.5-14.4l69-121.3c.2 0 .2-.1 0-.3l-43.9-75.6c-4.3-7.8.3-14.1 8.5-14.1H100c7.3 0 13.3 4.1 18 12.2l44.7 77.5zM382.6 46.1l-144 253v.3L330.2 466c3.9 7.1.2 14.1-8.5 14.1h-65.2c-7.6 0-13.6-4-18-12.2l-92.4-168.5c3.3-5.8 51.5-90.8 144.8-255.2 4.6-8.1 10.4-12.2 17.5-12.2h65.7c8 0 12.3 6.7 8.5 14.1z\"><\/path><\/svg>             <\/a>\n                    <a href=\"https:\/\/www.instagram.com\/smartersec_gmbh\/\" target=\"_blank\" rel=\"noopener noreferrer\" title=\"Instagram\">\n                                <?xml version=\"1.0\" encoding=\"UTF-8\"?> <svg xmlns=\"http:\/\/www.w3.org\/2000\/svg\" aria-hidden=\"true\" data-prefix=\"fab\" data-icon=\"instagram\" class=\"svg-inline--fa fa-instagram fa-w-14\" role=\"img\" viewBox=\"0 0 448 512\"><path fill=\"currentColor\" d=\"M224.1 141c-63.6 0-114.9 51.3-114.9 114.9s51.3 114.9 114.9 114.9S339 319.5 339 255.9 287.7 141 224.1 141zm0 189.6c-41.1 0-74.7-33.5-74.7-74.7s33.5-74.7 74.7-74.7 74.7 33.5 74.7 74.7-33.6 74.7-74.7 74.7zm146.4-194.3c0 14.9-12 26.8-26.8 26.8-14.9 0-26.8-12-26.8-26.8s12-26.8 26.8-26.8 26.8 12 26.8 26.8zm76.1 27.2c-1.7-35.9-9.9-67.7-36.2-93.9-26.2-26.2-58-34.4-93.9-36.2-37-2.1-147.9-2.1-184.9 0-35.8 1.7-67.6 9.9-93.9 36.1s-34.4 58-36.2 93.9c-2.1 37-2.1 147.9 0 184.9 1.7 35.9 9.9 67.7 36.2 93.9s58 34.4 93.9 36.2c37 2.1 147.9 2.1 184.9 0 35.9-1.7 67.7-9.9 93.9-36.2 26.2-26.2 34.4-58 36.2-93.9 2.1-37 2.1-147.8 0-184.8zM398.8 388c-7.8 19.6-22.9 34.7-42.6 42.6-29.5 11.7-99.5 9-132.1 9s-102.7 2.6-132.1-9c-19.6-7.8-34.7-22.9-42.6-42.6-11.7-29.5-9-99.5-9-132.1s-2.6-102.7 9-132.1c7.8-19.6 22.9-34.7 42.6-42.6 29.5-11.7 99.5-9 132.1-9s102.7-2.6 132.1 9c19.6 7.8 34.7 22.9 42.6 42.6 11.7 29.5 9 99.5 9 132.1s2.7 102.7-9 132.1z\"><\/path><\/svg>             <\/a>\n                    <a href=\"http:\/\/www.youtube.com\/@smartersec\" target=\"_blank\" rel=\"noopener noreferrer\" title=\"YouTube\">\n                                <?xml version=\"1.0\" encoding=\"UTF-8\"?> <svg xmlns=\"http:\/\/www.w3.org\/2000\/svg\" aria-hidden=\"true\" data-prefix=\"fab\" data-icon=\"youtube\" class=\"svg-inline--fa fa-youtube fa-w-18\" role=\"img\" viewBox=\"0 0 576 512\"><path fill=\"currentColor\" d=\"M549.655 124.083c-6.281-23.65-24.787-42.276-48.284-48.597C458.781 64 288 64 288 64S117.22 64 74.629 75.486c-23.497 6.322-42.003 24.947-48.284 48.597-11.412 42.867-11.412 132.305-11.412 132.305s0 89.438 11.412 132.305c6.281 23.65 24.787 41.5 48.284 47.821C117.22 448 288 448 288 448s170.78 0 213.371-11.486c23.497-6.321 42.003-24.171 48.284-47.821 11.412-42.867 11.412-132.305 11.412-132.305s0-89.438-11.412-132.305zm-317.51 213.508V175.185l142.739 81.205-142.739 81.201z\"><\/path><\/svg>             <\/a>\n        \n    <\/div>\n\n<\/div>\n\n\n<h2 class=\"wp-block-heading\"><\/h2>\n<\/div>\n<\/div>\n<\/div><\/div>\n","protected":false},"excerpt":{"rendered":"<p>Warum ein SAP Security &amp; Compliance Audit unverzichtbar f\u00fcr den Schutz Ihrer sensiblen Unternehmensdaten ist? Ein SAP Security &amp; Compliance Audit ist ein wichtiger Bestandteil des Risikomanagements von Unternehmen, die sensible oder vertrauliche Daten in ihrer SAP-Landschaft verwalten. Die Durchf\u00fchrung eines SAP Security &amp; Compliance Audit ist eine notwendige Investition, um die Sicherheit Ihrer SAP-Systeme [&hellip;]<\/p>\n","protected":false},"author":3,"featured_media":0,"parent":0,"menu_order":0,"comment_status":"closed","ping_status":"closed","template":"","meta":{"footnotes":""},"class_list":["post-1224","page","type-page","status-publish","hentry"],"aioseo_notices":[],"acf":[],"_links":{"self":[{"href":"https:\/\/smartersec.staging.triggerco.net\/de\/wp-json\/wp\/v2\/pages\/1224","targetHints":{"allow":["GET"]}}],"collection":[{"href":"https:\/\/smartersec.staging.triggerco.net\/de\/wp-json\/wp\/v2\/pages"}],"about":[{"href":"https:\/\/smartersec.staging.triggerco.net\/de\/wp-json\/wp\/v2\/types\/page"}],"author":[{"embeddable":true,"href":"https:\/\/smartersec.staging.triggerco.net\/de\/wp-json\/wp\/v2\/users\/3"}],"replies":[{"embeddable":true,"href":"https:\/\/smartersec.staging.triggerco.net\/de\/wp-json\/wp\/v2\/comments?post=1224"}],"version-history":[{"count":10,"href":"https:\/\/smartersec.staging.triggerco.net\/de\/wp-json\/wp\/v2\/pages\/1224\/revisions"}],"predecessor-version":[{"id":1766,"href":"https:\/\/smartersec.staging.triggerco.net\/de\/wp-json\/wp\/v2\/pages\/1224\/revisions\/1766"}],"wp:attachment":[{"href":"https:\/\/smartersec.staging.triggerco.net\/de\/wp-json\/wp\/v2\/media?parent=1224"}],"curies":[{"name":"wp","href":"https:\/\/api.w.org\/{rel}","templated":true}]}}