{"id":1231,"date":"2023-03-29T19:31:14","date_gmt":"2023-03-29T17:31:14","guid":{"rendered":"https:\/\/smartersec.com\/?page_id=1231"},"modified":"2023-03-30T16:31:11","modified_gmt":"2023-03-30T14:31:11","slug":"sap-security-roadmap","status":"publish","type":"page","link":"https:\/\/smartersec.staging.triggerco.net\/de\/sap-security-roadmap\/","title":{"rendered":"SAP Security Roadmap"},"content":{"rendered":"<div id=\"keyvisualblock_0ed717d3a59524c68f326bf0b20a0665\" class=\"block__keyvisual -detect-in-viewport\">\n\n    <div class=\"keyvisual__background\">\n        <img loading=\"lazy\" decoding=\"async\" width=\"1280\" height=\"720\" src=\"https:\/\/smartersec.staging.triggerco.net\/wp-content\/uploads\/2021\/08\/smarterSec-keyvisual-poster.jpg\" class=\"attachment-fullscreen_16_9 size-fullscreen_16_9\" alt=\"\" srcset=\"https:\/\/smartersec.staging.triggerco.net\/wp-content\/uploads\/2021\/08\/smarterSec-keyvisual-poster.jpg 1280w, https:\/\/smartersec.staging.triggerco.net\/wp-content\/uploads\/2021\/08\/smarterSec-keyvisual-poster-300x169.jpg 300w, https:\/\/smartersec.staging.triggerco.net\/wp-content\/uploads\/2021\/08\/smarterSec-keyvisual-poster-1024x576.jpg 1024w, https:\/\/smartersec.staging.triggerco.net\/wp-content\/uploads\/2021\/08\/smarterSec-keyvisual-poster-768x432.jpg 768w, https:\/\/smartersec.staging.triggerco.net\/wp-content\/uploads\/2021\/08\/smarterSec-keyvisual-poster-738x416.jpg 738w\" sizes=\"auto, (max-width: 1280px) 100vw, 1280px\" \/>                                                <video class=\"keyvisual__background__video\" src=\"https:\/\/smartersec.staging.triggerco.net\/wp-content\/uploads\/2021\/08\/smarterSec-managed-security-service-provider-for-sap.mp4\" preload autoplay muted loop playsinline><\/video>\n                        <\/div>\n\n    <div class=\"keyvisual__wrapper\">\n        <div class=\"container-lg\">\n            <div class=\"row\">\n                <div class=\"keyvisual__col\">\n                    <div class=\"keyvisual__content__wrapper\">\n                        <div class=\"keyvisual__content\">\n                                                            \n\n<h2 class=\"wp-block-heading\">SAP Security Roadmap<\/h2>\n\n\n\n<p>Umfassende Analyse und detaillierter Projektplan zur Behebung von Sicherheitsl\u00fccken und Compliance-Verst\u00f6\u00dfen<\/p>\n\n                                                    <\/div>\n                    <\/div>\n                <\/div>\n            <\/div>\n        <\/div>\n        \n    <\/div>\n\n<\/div>\n\n\n<h3 class=\"has-blue-vibrant-color has-text-color wp-block-heading\">Wie kann mir eine SAP Security Roadmap helfen, meine identifizierten Schwachstellen in SAP-Systemen zu beheben?<\/h3>\n\n\n\n<p class=\"has-blue-dark-color has-text-color\">Eine SAP Security Roadmap gibt Ihnen eine klare \u00dcbersicht \u00fcber die identifizierten Sicherheitsrisiken und Compliance-Verletzungen in Ihrer SAP-Systemlandschaft sowie Empfehlungen und Ma\u00dfnahmen, die Sie ergreifen k\u00f6nnen, um diese Schwachstellen zu beheben. Durch detaillierte Analysen der identifizierten Schwachstellen erhalten Sie ein umfassendes Verst\u00e4ndnis, welche Schwachstellen in Ihrem SAP-System vorhanden sind und wie Sie diese in welcher Reihenfolge beheben k\u00f6nnen.<\/p>\n\n\n\n<p class=\"has-blue-dark-color has-text-color\">Eine SAP Security Roadmap hilft Ihnen somit, das Sicherheitsniveau Ihrer SAP-Systemlandschaft zu erh\u00f6hen und das Risiko von Sicherheitsverletzungen und Verst\u00f6\u00dfen gegen Compliance-Vorschriften zu reduzieren. Au\u00dferdem erhalten Sie eine klare Vorstellung davon, welche Schritte Sie unternehmen m\u00fcssen, um Ihre SAP-Systeme sicherer zu machen und sich gegen zuk\u00fcnftige Bedrohungen zu sch\u00fctzen.<\/p>\n\n\n\n<div class=\"wp-block-group\"><div class=\"wp-block-group__inner-container is-layout-flow wp-block-group-is-layout-flow\">\n<h2 class=\"has-blue-vibrant-color has-text-color wp-block-heading\" id=\"sap-security-roadmap\">SAP Security Roadmap<\/h2>\n\n\n\n<div id=\"block__teaser\" class=\"block__teaser block__teaser--icon_left block__teaser--has-bg-color\" style=\"background-color: #004988\">\n    <div class=\"block__teaser__wrapper\">\n        <div class=\"block__teaser__inner\">\n            \n            \n                            \n<div class=\"block__icon__wrapper block__icon__wrapper--center\" style=\"color: #72bad7\">\n    <?xml version=\"1.0\" encoding=\"utf-8\"?>\r\n<!-- Generator: Adobe Illustrator 17.1.0, SVG Export Plug-In . SVG Version: 6.00 Build 0)  -->\r\n<!DOCTYPE svg PUBLIC \"-\/\/W3C\/\/DTD SVG 1.1\/\/EN\" \"http:\/\/www.w3.org\/Graphics\/SVG\/1.1\/DTD\/svg11.dtd\">\r\n<svg version=\"1.1\" id=\"Layer_1\" xmlns=\"http:\/\/www.w3.org\/2000\/svg\" xmlns:xlink=\"http:\/\/www.w3.org\/1999\/xlink\" x=\"0px\" y=\"0px\"\r\n\t width=\"64px\" height=\"64px\" viewBox=\"0 0 64 64\" enable-background=\"new 0 0 64 64\" xml:space=\"preserve\">\r\n<g>\r\n\t<g>\r\n\t\t<path fill=\"none\" stroke=\"currentColor\" stroke-width=\"2\" stroke-linecap=\"round\" stroke-linejoin=\"round\" stroke-miterlimit=\"10\" d=\"\r\n\t\t\tM53.5,36.7c0,4.9-6.8,13.6-8.9,13.6c-2.4,0-8.9-8.7-8.9-13.6c0-4.9,4-8.9,8.9-8.9S53.5,31.8,53.5,36.7z\"\/>\r\n\t\t\r\n\t\t\t<circle fill=\"none\" stroke=\"currentColor\" stroke-width=\"2\" stroke-linecap=\"round\" stroke-linejoin=\"round\" stroke-miterlimit=\"10\" cx=\"44.6\" cy=\"37.3\" r=\"2.9\"\/>\r\n\t<\/g>\r\n\t<g>\r\n\t\t<path fill=\"none\" stroke=\"currentColor\" stroke-width=\"2\" stroke-linecap=\"round\" stroke-linejoin=\"round\" stroke-miterlimit=\"10\" d=\"\r\n\t\t\tM22.2,19.2c0,3.2-4.5,8.9-5.8,8.9c-1.6,0-5.8-5.7-5.8-8.9s2.6-5.8,5.8-5.8C19.5,13.4,22.2,16,22.2,19.2z\"\/>\r\n\t\t\r\n\t\t\t<circle fill=\"none\" stroke=\"currentColor\" stroke-width=\"2\" stroke-linecap=\"round\" stroke-linejoin=\"round\" stroke-miterlimit=\"10\" cx=\"16.3\" cy=\"19.6\" r=\"1.9\"\/>\r\n\t<\/g>\r\n\t<path fill=\"none\" stroke=\"currentColor\" stroke-width=\"2\" stroke-linecap=\"round\" stroke-linejoin=\"round\" stroke-miterlimit=\"10\" d=\"\r\n\t\tM44.6,50.6H18.4c-3.9-0.1-7-2.6-6.9-5.7l0,0c0-3.1,3.2-5.6,7.1-5.5l7.7,0.1c3.9,0.1,7-2.4,7.1-5.5l0,0c0-3.1-3-5.7-6.9-5.7l-9.7,0\"\r\n\t\t\/>\r\n<\/g>\r\n<\/svg>\r\n<\/div>            \n            <div class=\"block__teaser__content\">\n                                    \n\n<p class=\"has-white-color has-text-color\">Der SAP Security Roadmap Service bietet Ihnen vollst\u00e4ndige Transparenz \u00fcber das aktuelle Sicherheits- und Compliance-Niveau Ihrer SAP-Systemlandschaft sowie detaillierte Empfehlungen f\u00fcr identifizierte Bereiche, in denen kurz-, mittel- und langfristig Verbesserungen der SAP-Sicherheit und Compliance umgesetzt werden sollten.<\/p>\n\n\n\n<p class=\"has-white-color has-text-color has-large-font-size\">Service-\u00dcbersicht<\/p>\n\n\n\n<ul class=\"has-white-color has-text-color wp-block-list\"><li>Technische Grundlage (technischer Schutz der SAP-Server)<\/li><li>Business Layer (Sicherung der Gesch\u00e4ftsprozesse)<\/li><li>Konnektivit\u00e4t (Sicherung des Zugangs auf Netzwerkebene)<\/li><li>Governance (regulatorische und organisatorische Ma\u00dfnahmen)<\/li><li>Kontrollen (Ma\u00dfnahmen zur Sicherstellung eines st\u00f6rungsfreien Betriebs)<\/li><\/ul>\n\n                            <\/div>\n\n                    \n        <\/div>\n    <\/div>\n<\/div><\/div><\/div>\n\n\n\n<p class=\"has-blue-dark-color has-text-color has-large-font-size\"><strong>Inhalte und Ablauf unseres SAP Security Roadmap Service &nbsp;&nbsp;<\/strong><\/p>\n\n\n\n<p class=\"has-blue-dark-color has-text-color\">Unser SAP Security Roadmap Service bietet eine umfassende Bewertung des aktuellen Sicherheits- und Compliance-Niveaus Ihrer SAP-Systemlandschaft sowie eine detaillierte Roadmap mit Handlungsempfehlungen zur Verbesserung der SAP-Sicherheit und Compliance.<br><br>Auf Basis der Ergebnisse der technischen Analyse sowie der Befragung von Mitarbeitern bewerten wir das Sicherheits- und Compliance-Niveau Ihres SAP-Systems. Daraufhin erstellen wir eine SAP-Sicherheits- und Compliance-Roadmap als Projektplan, die die notwendigen Ma\u00dfnahmen f\u00fcr zuk\u00fcnftige Verbesserungen aufzeigt.<\/p>\n\n\n\n<p class=\"has-blue-dark-color has-text-color\">Im Rahmen unseres Service priorisieren und kategorisieren wir identifizierte Schwachstellen und f\u00fchren sie in einem Mitigationsplan auf. Dies erm\u00f6glicht es Ihnen, Schwachstellen gezielt und effektiv zu adressieren und Ma\u00dfnahmen zur Verbesserung der SAP-Sicherheit zu priorisieren.<\/p>\n\n\n\n<p class=\"has-blue-dark-color has-text-color\">Unsere Experten f\u00fchren pers\u00f6nliche Interviews mit allen identifizierten Ansprechpartnern durch, um eine umfassende \u00dcbersicht \u00fcber die bereits etablierten Ma\u00dfnahmen zu erhalten. Basierend auf diesen Informationen und den Ergebnissen des SAP Security Risk Assessments erstellen wir einen Abschlussbericht und Projektplan mit detaillierten Empfehlungen f\u00fcr die Bereiche, in denen Ma\u00dfnahmen zur Verbesserung der Sicherheit durchgef\u00fchrt werden sollten.<\/p>\n\n\n\n<p class=\"has-blue-dark-color has-text-color\">Unser Service endet mit einer gemeinsamen Abschlusspr\u00e4sentation, in der wir die Ergebnisse und empfohlenen Ma\u00dfnahmen zur Optimierung der Sicherheit und Compliance Ihrer SAP-Systemlandschaft vorstellen. Der von uns erstellte Projektplan dient als Fahrplan f\u00fcr zuk\u00fcnftige Ma\u00dfnahmen zur Verbesserung der Sicherheit, einschlie\u00dflich der Festlegung von Meilensteinen f\u00fcr jeden Bereich.<\/p>\n\n\n\n<p class=\"has-blue-dark-color has-text-color\">Insgesamt liefert unser SAP Security Roadmap Service eine umfassende und detaillierte \u00dcbersicht \u00fcber die Sicherheit und Compliance Ihrer SAP-Systemlandschaft sowie einen klaren Fahrplan f\u00fcr zuk\u00fcnftige Ma\u00dfnahmen, um Schwachstellen zu adressieren und die Sicherheit Ihrer SAP-Systeme zu verbessern.<\/p>\n\n\n\n<div id=\"block__teaser\" class=\"block__teaser block__teaser--default block__teaser--has-bg-color\" style=\"background-color: #d5dfe8\">\n    <div class=\"block__teaser__wrapper\">\n        <div class=\"block__teaser__inner\">\n            \n            \n                            \n<div class=\"block__icon__wrapper block__icon__wrapper--center\" style=\"color: #0185b7\">\n    <?xml version=\"1.0\" encoding=\"utf-8\"?>\r\n<!-- Generator: Adobe Illustrator 17.1.0, SVG Export Plug-In . SVG Version: 6.00 Build 0)  -->\r\n<!DOCTYPE svg PUBLIC \"-\/\/W3C\/\/DTD SVG 1.1\/\/EN\" \"http:\/\/www.w3.org\/Graphics\/SVG\/1.1\/DTD\/svg11.dtd\">\r\n<svg version=\"1.1\" id=\"Layer_1\" xmlns=\"http:\/\/www.w3.org\/2000\/svg\" xmlns:xlink=\"http:\/\/www.w3.org\/1999\/xlink\" x=\"0px\" y=\"0px\"\r\n\t width=\"64px\" height=\"64px\" viewBox=\"0 0 64 64\" enable-background=\"new 0 0 64 64\" xml:space=\"preserve\">\r\n<g>\r\n\t<g>\r\n\t\t<path fill=\"none\" stroke=\"currentColor\" stroke-width=\"2\" stroke-linecap=\"round\" stroke-linejoin=\"round\" stroke-miterlimit=\"10\" d=\"\r\n\t\t\tM53.5,36.7c0,4.9-6.8,13.6-8.9,13.6c-2.4,0-8.9-8.7-8.9-13.6c0-4.9,4-8.9,8.9-8.9S53.5,31.8,53.5,36.7z\"\/>\r\n\t\t\r\n\t\t\t<circle fill=\"none\" stroke=\"currentColor\" stroke-width=\"2\" stroke-linecap=\"round\" stroke-linejoin=\"round\" stroke-miterlimit=\"10\" cx=\"44.6\" cy=\"37.3\" r=\"2.9\"\/>\r\n\t<\/g>\r\n\t<g>\r\n\t\t<path fill=\"none\" stroke=\"currentColor\" stroke-width=\"2\" stroke-linecap=\"round\" stroke-linejoin=\"round\" stroke-miterlimit=\"10\" d=\"\r\n\t\t\tM22.2,19.2c0,3.2-4.5,8.9-5.8,8.9c-1.6,0-5.8-5.7-5.8-8.9s2.6-5.8,5.8-5.8C19.5,13.4,22.2,16,22.2,19.2z\"\/>\r\n\t\t\r\n\t\t\t<circle fill=\"none\" stroke=\"currentColor\" stroke-width=\"2\" stroke-linecap=\"round\" stroke-linejoin=\"round\" stroke-miterlimit=\"10\" cx=\"16.3\" cy=\"19.6\" r=\"1.9\"\/>\r\n\t<\/g>\r\n\t<path fill=\"none\" stroke=\"currentColor\" stroke-width=\"2\" stroke-linecap=\"round\" stroke-linejoin=\"round\" stroke-miterlimit=\"10\" d=\"\r\n\t\tM44.6,50.6H18.4c-3.9-0.1-7-2.6-6.9-5.7l0,0c0-3.1,3.2-5.6,7.1-5.5l7.7,0.1c3.9,0.1,7-2.4,7.1-5.5l0,0c0-3.1-3-5.7-6.9-5.7l-9.7,0\"\r\n\t\t\/>\r\n<\/g>\r\n<\/svg>\r\n<\/div>            \n            <div class=\"block__teaser__content\">\n                                    \n\n<p class=\"has-text-align-center has-blue-dark-color has-text-color\"><strong><strong>Kontaktieren Sie uns und lassen Sie uns gemeinsam eine sichere Zukunft f\u00fcr Ihre SAP-Systeme aufbauen!<\/strong><\/strong><\/p>\n\n                            <\/div>\n\n                            <div class=\"block__teaser__link\">\n                    <a href=\"https:\/\/smartersec.staging.triggerco.net\/de\/kontakt\/\" target=\"\">\n                                                    Kontakt                                            <\/a>\n                <\/div>\n                    \n        <\/div>\n    <\/div>\n<\/div>\n\n\n<p class=\"has-blue-dark-color has-text-color\"><strong>Verwandte Themen:<\/strong> <a href=\"https:\/\/smartersec.staging.triggerco.net\/de\/sap-security-risk-assessment\/\" title=\"SAP Security Risk Assessment\">SAP Security Risk Assessment<\/a> \/\/ <a href=\"https:\/\/smartersec.staging.triggerco.net\/de\/sap-dsgvo-assessment\/\" title=\"SAP DSGVO Assessment\">SAP DSGVO Assessment<\/a><\/p>\n\n\n\n<div id=\"kontakt\" class=\"wp-block-group has-blue-light-background-color has-background\"><div class=\"wp-block-group__inner-container is-layout-flow wp-block-group-is-layout-flow\">\n<h2 class=\"wp-block-heading\">Kontakt<\/h2>\n\n\n\n<div class=\"wp-block-columns is-layout-flex wp-container-core-columns-is-layout-9d6595d7 wp-block-columns-is-layout-flex\">\n<div class=\"wp-block-column is-layout-flow wp-block-column-is-layout-flow\">\n<p><strong>smarterSec GmbH<\/strong><br>Managed Security Service Provider f\u00fcr SAP\u00ae<br><br>Albert-Nestler-Str. 21, 76131 Karlsruhe<br>Deutschland<br><br><a href=\"tel:00497211608000\">+49 (0) 721 160 800-0<\/a><br><a href=\"mailto:info@smartersec.com\">info@smartersec.com<\/a><br><\/p>\n<\/div>\n\n\n\n<div class=\"wp-block-column is-layout-flow wp-block-column-is-layout-flow\">\n<p><strong>Folgen Sie uns auf Social Media<\/strong><\/p>\n\n\n<div id=\"social-media-pagesblock_dce48c9211486a3cec117e1fc544077b\" class=\"block__social-media-pages -detect-in-viewport\">\n\n    <div class=\"block__social-media-pages__wrapper\">\n\n                    <a href=\"https:\/\/www.linkedin.com\/company\/smartersec-gmbh\" target=\"_blank\" rel=\"noopener noreferrer\" title=\"LinkedIn\">\n                                <?xml version=\"1.0\" encoding=\"UTF-8\"?> <svg xmlns=\"http:\/\/www.w3.org\/2000\/svg\" aria-hidden=\"true\" data-prefix=\"fab\" data-icon=\"linkedin-in\" class=\"svg-inline--fa fa-linkedin-in fa-w-14\" role=\"img\" viewBox=\"0 0 448 512\"><path fill=\"currentColor\" d=\"M100.28 448H7.4V148.9h92.88zM53.79 108.1C24.09 108.1 0 83.5 0 53.8a53.79 53.79 0 0 1 107.58 0c0 29.7-24.1 54.3-53.79 54.3zM447.9 448h-92.68V302.4c0-34.7-.7-79.2-48.29-79.2-48.29 0-55.69 37.7-55.69 76.7V448h-92.78V148.9h89.08v40.8h1.3c12.4-23.5 42.69-48.3 87.88-48.3 94 0 111.28 61.9 111.28 142.3V448z\"><\/path><\/svg>             <\/a>\n                    <a href=\"https:\/\/www.xing.com\/pages\/smartersec-gmbh\" target=\"_blank\" rel=\"noopener noreferrer\" title=\"Xing\">\n                                <?xml version=\"1.0\" encoding=\"UTF-8\"?> <svg xmlns=\"http:\/\/www.w3.org\/2000\/svg\" aria-hidden=\"true\" data-prefix=\"fab\" data-icon=\"xing\" class=\"svg-inline--fa fa-xing fa-w-12\" role=\"img\" viewBox=\"0 0 384 512\"><path fill=\"currentColor\" d=\"M162.7 210c-1.8 3.3-25.2 44.4-70.1 123.5-4.9 8.3-10.8 12.5-17.7 12.5H9.8c-7.7 0-12.1-7.5-8.5-14.4l69-121.3c.2 0 .2-.1 0-.3l-43.9-75.6c-4.3-7.8.3-14.1 8.5-14.1H100c7.3 0 13.3 4.1 18 12.2l44.7 77.5zM382.6 46.1l-144 253v.3L330.2 466c3.9 7.1.2 14.1-8.5 14.1h-65.2c-7.6 0-13.6-4-18-12.2l-92.4-168.5c3.3-5.8 51.5-90.8 144.8-255.2 4.6-8.1 10.4-12.2 17.5-12.2h65.7c8 0 12.3 6.7 8.5 14.1z\"><\/path><\/svg>             <\/a>\n                    <a href=\"https:\/\/www.instagram.com\/smartersec_gmbh\/\" target=\"_blank\" rel=\"noopener noreferrer\" title=\"Instagram\">\n                                <?xml version=\"1.0\" encoding=\"UTF-8\"?> <svg xmlns=\"http:\/\/www.w3.org\/2000\/svg\" aria-hidden=\"true\" data-prefix=\"fab\" data-icon=\"instagram\" class=\"svg-inline--fa fa-instagram fa-w-14\" role=\"img\" viewBox=\"0 0 448 512\"><path fill=\"currentColor\" d=\"M224.1 141c-63.6 0-114.9 51.3-114.9 114.9s51.3 114.9 114.9 114.9S339 319.5 339 255.9 287.7 141 224.1 141zm0 189.6c-41.1 0-74.7-33.5-74.7-74.7s33.5-74.7 74.7-74.7 74.7 33.5 74.7 74.7-33.6 74.7-74.7 74.7zm146.4-194.3c0 14.9-12 26.8-26.8 26.8-14.9 0-26.8-12-26.8-26.8s12-26.8 26.8-26.8 26.8 12 26.8 26.8zm76.1 27.2c-1.7-35.9-9.9-67.7-36.2-93.9-26.2-26.2-58-34.4-93.9-36.2-37-2.1-147.9-2.1-184.9 0-35.8 1.7-67.6 9.9-93.9 36.1s-34.4 58-36.2 93.9c-2.1 37-2.1 147.9 0 184.9 1.7 35.9 9.9 67.7 36.2 93.9s58 34.4 93.9 36.2c37 2.1 147.9 2.1 184.9 0 35.9-1.7 67.7-9.9 93.9-36.2 26.2-26.2 34.4-58 36.2-93.9 2.1-37 2.1-147.8 0-184.8zM398.8 388c-7.8 19.6-22.9 34.7-42.6 42.6-29.5 11.7-99.5 9-132.1 9s-102.7 2.6-132.1-9c-19.6-7.8-34.7-22.9-42.6-42.6-11.7-29.5-9-99.5-9-132.1s-2.6-102.7 9-132.1c7.8-19.6 22.9-34.7 42.6-42.6 29.5-11.7 99.5-9 132.1-9s102.7-2.6 132.1 9c19.6 7.8 34.7 22.9 42.6 42.6 11.7 29.5 9 99.5 9 132.1s2.7 102.7-9 132.1z\"><\/path><\/svg>             <\/a>\n                    <a href=\"http:\/\/www.youtube.com\/@smartersec\" target=\"_blank\" rel=\"noopener noreferrer\" title=\"YouTube\">\n                                <?xml version=\"1.0\" encoding=\"UTF-8\"?> <svg xmlns=\"http:\/\/www.w3.org\/2000\/svg\" aria-hidden=\"true\" data-prefix=\"fab\" data-icon=\"youtube\" class=\"svg-inline--fa fa-youtube fa-w-18\" role=\"img\" viewBox=\"0 0 576 512\"><path fill=\"currentColor\" d=\"M549.655 124.083c-6.281-23.65-24.787-42.276-48.284-48.597C458.781 64 288 64 288 64S117.22 64 74.629 75.486c-23.497 6.322-42.003 24.947-48.284 48.597-11.412 42.867-11.412 132.305-11.412 132.305s0 89.438 11.412 132.305c6.281 23.65 24.787 41.5 48.284 47.821C117.22 448 288 448 288 448s170.78 0 213.371-11.486c23.497-6.321 42.003-24.171 48.284-47.821 11.412-42.867 11.412-132.305 11.412-132.305s0-89.438-11.412-132.305zm-317.51 213.508V175.185l142.739 81.205-142.739 81.201z\"><\/path><\/svg>             <\/a>\n        \n    <\/div>\n\n<\/div>\n\n\n<h2 class=\"wp-block-heading\"><\/h2>\n<\/div>\n<\/div>\n<\/div><\/div>\n","protected":false},"excerpt":{"rendered":"<p>Wie kann mir eine SAP Security Roadmap helfen, meine identifizierten Schwachstellen in SAP-Systemen zu beheben? Eine SAP Security Roadmap gibt Ihnen eine klare \u00dcbersicht \u00fcber die identifizierten Sicherheitsrisiken und Compliance-Verletzungen in Ihrer SAP-Systemlandschaft sowie Empfehlungen und Ma\u00dfnahmen, die Sie ergreifen k\u00f6nnen, um diese Schwachstellen zu beheben. Durch detaillierte Analysen der identifizierten Schwachstellen erhalten Sie ein [&hellip;]<\/p>\n","protected":false},"author":3,"featured_media":0,"parent":0,"menu_order":0,"comment_status":"closed","ping_status":"closed","template":"","meta":{"footnotes":""},"class_list":["post-1231","page","type-page","status-publish","hentry"],"aioseo_notices":[],"acf":[],"_links":{"self":[{"href":"https:\/\/smartersec.staging.triggerco.net\/de\/wp-json\/wp\/v2\/pages\/1231","targetHints":{"allow":["GET"]}}],"collection":[{"href":"https:\/\/smartersec.staging.triggerco.net\/de\/wp-json\/wp\/v2\/pages"}],"about":[{"href":"https:\/\/smartersec.staging.triggerco.net\/de\/wp-json\/wp\/v2\/types\/page"}],"author":[{"embeddable":true,"href":"https:\/\/smartersec.staging.triggerco.net\/de\/wp-json\/wp\/v2\/users\/3"}],"replies":[{"embeddable":true,"href":"https:\/\/smartersec.staging.triggerco.net\/de\/wp-json\/wp\/v2\/comments?post=1231"}],"version-history":[{"count":10,"href":"https:\/\/smartersec.staging.triggerco.net\/de\/wp-json\/wp\/v2\/pages\/1231\/revisions"}],"predecessor-version":[{"id":1770,"href":"https:\/\/smartersec.staging.triggerco.net\/de\/wp-json\/wp\/v2\/pages\/1231\/revisions\/1770"}],"wp:attachment":[{"href":"https:\/\/smartersec.staging.triggerco.net\/de\/wp-json\/wp\/v2\/media?parent=1231"}],"curies":[{"name":"wp","href":"https:\/\/api.w.org\/{rel}","templated":true}]}}